{"id":2695,"date":"2025-08-22T15:39:47","date_gmt":"2025-08-22T13:39:47","guid":{"rendered":"https:\/\/www.fslehramt.rwth-aachen.de\/Neu\/?page_id=2695"},"modified":"2025-10-18T10:39:35","modified_gmt":"2025-10-18T08:39:35","slug":"test","status":"publish","type":"page","link":"https:\/\/www.fslehramt.rwth-aachen.de\/Neu\/","title":{"rendered":"Startseite"},"content":{"rendered":"\n<div style=\"height:100px\" aria-hidden=\"true\" class=\"wp-block-spacer\"><\/div>\n\n\n\n<div class=\"wp-block-group is-layout-grid wp-container-core-group-is-layout-50eac3a5 wp-block-group-is-layout-grid\">\n<div class=\"wp-block-group has-medium-font-size\"><div class=\"wp-block-group__inner-container is-layout-constrained wp-block-group-is-layout-constrained\">\n<h2 class=\"wp-block-heading has-text-align-center\">Dokumente<\/h2>\n\n\n\n<figure class=\"wp-block-image size-large is-style-default\"><img loading=\"lazy\" decoding=\"async\" width=\"819\" height=\"1024\" src=\"https:\/\/www.fslehramt.rwth-aachen.de\/Neu\/wp-content\/uploads\/kX2eD0r8-819x1024.jpg\" alt=\"Ein B\u00fccherstapel\" class=\"wp-image-1418\" style=\"aspect-ratio:1;object-fit:cover\" srcset=\"https:\/\/www.fslehramt.rwth-aachen.de\/Neu\/wp-content\/uploads\/kX2eD0r8-819x1024.jpg 819w, https:\/\/www.fslehramt.rwth-aachen.de\/Neu\/wp-content\/uploads\/kX2eD0r8-240x300.jpg 240w, https:\/\/www.fslehramt.rwth-aachen.de\/Neu\/wp-content\/uploads\/kX2eD0r8-768x960.jpg 768w, https:\/\/www.fslehramt.rwth-aachen.de\/Neu\/wp-content\/uploads\/kX2eD0r8.jpg 960w\" sizes=\"auto, (max-width: 819px) 100vw, 819px\" \/><\/figure>\n\n\n\n<p class=\"has-text-align-center wp-block-paragraph\">Hier findest du alle wichtigen Dokumente.<\/p>\n\n\n\n<p class=\"has-text-align-center wp-block-paragraph\"><a href=\"https:\/\/www.fslehramt.rwth-aachen.de\/Neu\/?page_id=243\" data-type=\"page\" data-id=\"243\">Zur Seite<\/a><\/p>\n<\/div><\/div>\n\n\n\n<div class=\"wp-block-group has-medium-font-size\"><div class=\"wp-block-group__inner-container is-layout-constrained wp-block-group-is-layout-constrained\">\n<h2 class=\"wp-block-heading has-text-align-center\">Fachschaftsrat<\/h2>\n\n\n\n<figure class=\"wp-block-image size-large\"><img loading=\"lazy\" decoding=\"async\" width=\"1024\" height=\"1024\" src=\"http:\/\/www.fslehramt.rwth-aachen.de\/Neu\/wp-content\/uploads\/Hyug3RYN-1024x1024.jpg\" alt=\"\" class=\"wp-image-1419\" srcset=\"https:\/\/www.fslehramt.rwth-aachen.de\/Neu\/wp-content\/uploads\/Hyug3RYN-1024x1024.jpg 1024w, https:\/\/www.fslehramt.rwth-aachen.de\/Neu\/wp-content\/uploads\/Hyug3RYN-150x150.jpg 150w, https:\/\/www.fslehramt.rwth-aachen.de\/Neu\/wp-content\/uploads\/Hyug3RYN-300x300.jpg 300w, https:\/\/www.fslehramt.rwth-aachen.de\/Neu\/wp-content\/uploads\/Hyug3RYN-768x768.jpg 768w, https:\/\/www.fslehramt.rwth-aachen.de\/Neu\/wp-content\/uploads\/Hyug3RYN-120x120.jpg 120w, https:\/\/www.fslehramt.rwth-aachen.de\/Neu\/wp-content\/uploads\/Hyug3RYN-105x105.jpg 105w, https:\/\/www.fslehramt.rwth-aachen.de\/Neu\/wp-content\/uploads\/Hyug3RYN-570x570.jpg 570w, https:\/\/www.fslehramt.rwth-aachen.de\/Neu\/wp-content\/uploads\/Hyug3RYN-380x380.jpg 380w, https:\/\/www.fslehramt.rwth-aachen.de\/Neu\/wp-content\/uploads\/Hyug3RYN-285x285.jpg 285w, https:\/\/www.fslehramt.rwth-aachen.de\/Neu\/wp-content\/uploads\/Hyug3RYN.jpg 1080w\" sizes=\"auto, (max-width: 1024px) 100vw, 1024px\" \/><\/figure>\n\n\n\n<p class=\"has-text-align-center wp-block-paragraph\">Der Fachschaftsrat stellt sich vor.<\/p>\n\n\n\n<p class=\"has-text-align-center wp-block-paragraph\"><a href=\"https:\/\/www.fslehramt.rwth-aachen.de\/Neu\/?page_id=248\" data-type=\"page\" data-id=\"248\">Zur Seite<\/a><\/p>\n<\/div><\/div>\n\n\n\n<div class=\"wp-block-group has-medium-font-size\"><div class=\"wp-block-group__inner-container is-layout-constrained wp-block-group-is-layout-constrained\">\n<h2 class=\"wp-block-heading has-text-align-center\">Mitmachen<\/h2>\n\n\n\n<figure class=\"wp-block-image size-full\"><img loading=\"lazy\" decoding=\"async\" width=\"1024\" height=\"633\" src=\"http:\/\/www.fslehramt.rwth-aachen.de\/Neu\/wp-content\/uploads\/7.2-Pride-Flag.png\" alt=\"\" class=\"wp-image-2279\" style=\"aspect-ratio:1;object-fit:cover\" srcset=\"https:\/\/www.fslehramt.rwth-aachen.de\/Neu\/wp-content\/uploads\/7.2-Pride-Flag.png 1024w, https:\/\/www.fslehramt.rwth-aachen.de\/Neu\/wp-content\/uploads\/7.2-Pride-Flag-300x185.png 300w, https:\/\/www.fslehramt.rwth-aachen.de\/Neu\/wp-content\/uploads\/7.2-Pride-Flag-768x475.png 768w\" sizes=\"auto, (max-width: 1024px) 100vw, 1024px\" \/><\/figure>\n\n\n\n<p class=\"has-text-align-center wp-block-paragraph\">Wir brauchen deine Unterst\u00fctzung!<\/p>\n\n\n\n<p class=\"has-text-align-center wp-block-paragraph\"><a href=\"https:\/\/www.fslehramt.rwth-aachen.de\/Neu\/?page_id=291\" data-type=\"page\" data-id=\"291\">Zur <\/a><a href=\"https:\/\/www.fslehramt.rwth-aachen.de\/Neu\/?page_id=250\" data-type=\"page\" data-id=\"250\">Seite<\/a><\/p>\n<\/div><\/div>\n<\/div>\n\n\n\n<div style=\"height:100px\" aria-hidden=\"true\" class=\"wp-block-spacer\"><\/div>\n\n\n\n<div class=\"wp-block-group\"><div class=\"wp-block-group__inner-container is-layout-constrained wp-block-group-is-layout-constrained\">\n<h1 class=\"wp-block-heading\">News:<\/h1>\n\n\n\n<div class=\"wp-block-query is-layout-flow wp-block-query-is-layout-flow\"><ul class=\"wp-block-post-template is-layout-flow wp-block-post-template-is-layout-flow\"><li class=\"wp-block-post post-3140 post type-post status-publish format-standard hentry category-news\">\n<h2 class=\"wp-block-post-title\">Einladung zu Fachschaftsvollversammlung am 05.05.2026 und vorl\u00e4ufige Tagesordnung (+FAQ)<\/h2>\n\n<div class=\"wp-block-post-excerpt\"><p class=\"wp-block-post-excerpt__excerpt\">Hallo liebe Lehramtsstudis, hiermit laden wir euch herzlich zu unserer Vollversammlung f\u00fcrs Sommeresemester 2026 ein. Diese findet am Dienstag den 05.05.2026 von 10:15 Uhr- 14:00 Uhr (wir sind meistens deutlich fr\u00fcher fertig) im H08 im C.A.R.L. statt. Anschlie\u00dfend seid ihr w\u00e4rmstens eingeladen, mit uns zu einem (kostenlosen) Fr\u00fchst\u00fcck in die Fachschaftsr\u00e4umlichkeiten am Augustinerbach 2a zu&hellip;<\/p><p class=\"wp-block-post-excerpt__more-text\"><a class=\"wp-block-post-excerpt__more-link\" href=\"https:\/\/www.fslehramt.rwth-aachen.de\/Neu\/?p=3140\">weiterlesen<\/a><\/p><\/div>\n\n\n<hr class=\"wp-block-separator has-alpha-channel-opacity\"\/>\n\n<\/li><li class=\"wp-block-post post-3024 post type-post status-publish format-standard hentry category-allgemein category-news\">\n<h2 class=\"wp-block-post-title\">Protokoll der au\u00dferordentlichen Vollversammlung vom 02.10. &#8211; Neue Fachschaftsordnung beschlossen<\/h2>\n\n<div class=\"wp-block-post-excerpt\"><p class=\"wp-block-post-excerpt__excerpt\">Liebe Studis, wie angek\u00fcndigt hat am 02.10.2025 eine au\u00dferordentliche Fachschaftsvollversammlung stattgefunden auf der \u00fcber eine ge\u00e4nderte Fachschaftsordnung (die Satzung unserer Fachschaft) beraten und diese letztendlich beschlossen wurde. Das Protokoll und die vollst\u00e4ndige bald in Kraft tretende Fachschaftsordnung findet ihr hier: Liebe Gr\u00fc\u00dfeEuer Fachschaftsrat<\/p><p class=\"wp-block-post-excerpt__more-text\"><a class=\"wp-block-post-excerpt__more-link\" href=\"https:\/\/www.fslehramt.rwth-aachen.de\/Neu\/?p=3024\">weiterlesen<\/a><\/p><\/div>\n\n\n<hr class=\"wp-block-separator has-alpha-channel-opacity\"\/>\n\n<\/li><li class=\"wp-block-post post-2200 post type-post status-publish format-standard hentry category-allgemein category-news\">\n<h2 class=\"wp-block-post-title\">Megafon-Mailverteiler<\/h2>\n\n<div class=\"wp-block-post-excerpt\"><p class=\"wp-block-post-excerpt__excerpt\">Liebe Lehramtsstudis, gemeinsam mit dem Lehrerbildungszentrum und anderen Fachschaften mit Lehramtsbezug haben wir einen Mailverteiler angelegt, \u00fcber den wir euch immer mit neuen Informationen rund um das Lehramtsstudium in Aachen sowie Angebote zu Veranstaltungen, Praktika, berufsbezogenen Nebenjobs etc. versorgen wollen. Wenn ihr Interesse habt, k\u00f6nnt ihr euch hier dazu anmelden. Nat\u00fcrlich ist das Angebot freiwillig&hellip;<\/p><p class=\"wp-block-post-excerpt__more-text\"><a class=\"wp-block-post-excerpt__more-link\" href=\"https:\/\/www.fslehramt.rwth-aachen.de\/Neu\/?p=2200\">weiterlesen<\/a><\/p><\/div>\n\n\n<hr class=\"wp-block-separator has-alpha-channel-opacity\"\/>\n\n<\/li><\/ul>\n\n\n\n<\/div>\n<\/div><\/div>\n\n\n\n<div style=\"height:100px\" aria-hidden=\"true\" class=\"wp-block-spacer\"><\/div>\n\n\n\n<div class=\"wp-block-group\"><div class=\"wp-block-group__inner-container is-layout-constrained wp-block-group-is-layout-constrained\">\n<h1 class=\"wp-block-heading\">Kommende Termine:<\/h1>\n\n\n\n<div class=\"wp-block-query is-layout-flow wp-block-query-is-layout-flow\"><ul class=\"wp-block-post-template is-layout-flow wp-block-post-template-is-layout-flow\"><li class=\"wp-block-post post-3032 post type-post status-publish format-standard hentry category-sitzungseinladungen\">\n<h2 class=\"wp-block-post-title\">05.05. &#8211; Fachschaftsvollversammlung<\/h2>\n\n<div class=\"wp-block-post-excerpt\"><p class=\"wp-block-post-excerpt__excerpt\">Liebe Lehramtsstudierende, am 05.05. von 10:15-14:00 Uhr findet unsere regul\u00e4re Fachschaftsvollversammlung f\u00fcrs Sommersemester 2025\/26 im H\u00f6rsaal H08 im CARL statt. Liebe Gr\u00fc\u00dfeEuer Fachschaftsrat<\/p><p class=\"wp-block-post-excerpt__more-text\"><a class=\"wp-block-post-excerpt__more-link\" href=\"https:\/\/www.fslehramt.rwth-aachen.de\/Neu\/?p=3032\">Zum Beitrag<\/a><\/p><\/div>\n\n\n<hr class=\"wp-block-separator has-alpha-channel-opacity\"\/>\n\n<\/li><\/ul>\n\n\n\n<\/div>\n<\/div><\/div>\n\n\n\n<p class=\"wp-block-paragraph\"><\/p>\n","protected":false},"excerpt":{"rendered":"<p>Dokumente Hier findest du alle wichtigen Dokumente. Zur Seite Fachschaftsrat Der Fachschaftsrat stellt sich vor. Zur Seite Mitmachen Wir brauchen deine Unterst\u00fctzung! Zur Seite News:<\/p>\n","protected":false},"author":1,"featured_media":0,"parent":0,"menu_order":0,"comment_status":"closed","ping_status":"closed","template":"","meta":{"_crdt_document":"","footnotes":""},"class_list":["post-2695","page","type-page","status-publish","hentry"],"jetpack_sharing_enabled":true,"_links":{"self":[{"href":"https:\/\/www.fslehramt.rwth-aachen.de\/Neu\/index.php?rest_route=\/wp\/v2\/pages\/2695","targetHints":{"allow":["GET"]}}],"collection":[{"href":"https:\/\/www.fslehramt.rwth-aachen.de\/Neu\/index.php?rest_route=\/wp\/v2\/pages"}],"about":[{"href":"https:\/\/www.fslehramt.rwth-aachen.de\/Neu\/index.php?rest_route=\/wp\/v2\/types\/page"}],"author":[{"embeddable":true,"href":"https:\/\/www.fslehramt.rwth-aachen.de\/Neu\/index.php?rest_route=\/wp\/v2\/users\/1"}],"replies":[{"embeddable":true,"href":"https:\/\/www.fslehramt.rwth-aachen.de\/Neu\/index.php?rest_route=%2Fwp%2Fv2%2Fcomments&post=2695"}],"version-history":[{"count":77,"href":"https:\/\/www.fslehramt.rwth-aachen.de\/Neu\/index.php?rest_route=\/wp\/v2\/pages\/2695\/revisions"}],"predecessor-version":[{"id":3029,"href":"https:\/\/www.fslehramt.rwth-aachen.de\/Neu\/index.php?rest_route=\/wp\/v2\/pages\/2695\/revisions\/3029"}],"wp:attachment":[{"href":"https:\/\/www.fslehramt.rwth-aachen.de\/Neu\/index.php?rest_route=%2Fwp%2Fv2%2Fmedia&parent=2695"}],"curies":[{"name":"wp","href":"https:\/\/api.w.org\/{rel}","templated":true}]}}