{"id":252,"date":"2016-06-29T21:56:37","date_gmt":"2016-06-29T19:56:37","guid":{"rendered":"http:\/\/www.fslehramt.rwth-aachen.de\/Neu\/?page_id=252"},"modified":"2016-10-02T14:08:33","modified_gmt":"2016-10-02T12:08:33","slug":"gremien","status":"publish","type":"page","link":"https:\/\/www.fslehramt.rwth-aachen.de\/Neu\/?page_id=252","title":{"rendered":"Gremien"},"content":{"rendered":"<h3>Gremien<\/h3>\n<p>&nbsp;<\/p>\n<p>Wir vertreten Eure Interessen in Gremien und Kommissionen auf Hochschul- und Fakult\u00e4tsebene. Eine kurze Auflistung findet ihr hier:<\/p>\n<p>Unter den angegebenen Mailadressen k\u00f6nnt ihr die studentischen Mitglieder erreichen, solltet ihr Anliegen oder Fragen haben.<\/p>\n<h4><\/h4>\n<h4>Fakult\u00e4tsrat<\/h4>\n<p>Der Fakult\u00e4tsrat ist das h\u00f6chste beschlussfassende Gremium der Fakult\u00e4t. Die Mitglieder werden bei den Hochschulwahlen f\u00fcr jeweils ein Jahr gew\u00e4hlt. Praktisch alle Entscheidungen die die gesamte Fakult\u00e4t betreffen, wie Pr\u00fcfungsordnungen, Berufungsverfahren o.\u00e4. werden im Fakult\u00e4tsrat beschlossen.<\/p>\n<p><em>Mail: fr@studphil.rwth-aachen.de<\/em><\/p>\n<p>&nbsp;<\/p>\n<h4>Lehramtspr\u00fcfungsausschuss (Fakult\u00e4ten 3, 7 und 8):<\/h4>\n<p>Der Pr\u00fcfungsausschuss (PA) behandelt verschiedene Themen rund um Pr\u00fcfungen. Das k\u00f6nnen sein:<\/p>\n<ul>\n<li>Auslegungen der Pr\u00fcfungsordnungen (POs)<\/li>\n<li>Widerspr\u00fcche<\/li>\n<li>Anerkennungen und Einstufungsangelegenheiten<\/li>\n<li>Unbedenklichkeitsbescheinigungen<\/li>\n<li>Nachtr\u00e4gliche Pr\u00fcfungsanmeldungen<\/li>\n<li>Abmeldung\/Ummeldung von Pr\u00fcfungen<\/li>\n<li>Exmatrikulation<\/li>\n<li>Plagiatsvorw\u00fcrfe<\/li>\n<li>Nachteilsausgleich<\/li>\n<li>Vorzug von Modulen<\/li>\n<\/ul>\n<p>Als betroffener Studi\u00a0ist es ratsam, Antr\u00e4ge mit den jeweiligen Fachstudienberaterinnen und Fachstudienberatern und studentischen Vertreterinnen und Vertretern des PAs vorher zu besprechen. So kann man einerseits Argumentationsl\u00fccken finden und schlie\u00dfen, andererseits &#8222;Stimmen&#8220; gewinnen und somit, dank guter Vorbereitung, den PA zu seinen Gunsten beeinflussen.<\/p>\n<p>&nbsp;<\/p>\n<h4>Zentrumsrat:<\/h4>\n<p>Der Zentrumsrat ist das \u00fcbergeordnete Gremium zum Lehramt an der RWTH. Er befasst sich mit grundlegenden Fragen des Studiums und der Studiumsorganisation, teils sogar auf Landesebene. Meistens gibt der ZR nur Empfehlungen an die beteiligten Fakult\u00e4ten heraus, weshalb er h\u00e4ufig als beratendes Gremium angesehen wird. Tats\u00e4chlich kann der ZR jedoch konkret und verbindlich abstimmen. Da die studentischen Vertreter dort drei Stimmen inne haben, bietet der ZR zwei wesentliche M\u00f6glichkeiten:<\/p>\n<p>Informationen, welche das Lehramt als Ganzes betreffen, werden als erstes hier kommuniziert. Von hier aus kann man diese Infos in die Fachschaft tragen, dort verarbeiten und die Gremienmitglieder der weiteren Gremien inhaltlich vorbereiten.<\/p>\n<p>Abstimmungen, welche im ZR stattfinden, geben in der Regel die (grobe) Entwicklungsrichtung in allen Folgegremien vor.<\/p>\n<p><em>Mail: zentrumsrat@fachschaften.rwth-aachen.de<\/em><\/p>\n<p>&nbsp;<\/p>\n<h4>Studienbeirat:<\/h4>\n<p>Im Studienbeirat (ehem. Kommission f\u00fcr Lehre) werden unter anderem \u00c4nderungen an den Studienordnungen besprochen, bevor sie vom Fakult\u00e4tsrat verabschiedet werden.<\/p>\n<p><em>Mail: sbr@studphil.rwth-aachen.de<\/em><\/p>\n<p>&nbsp;<\/p>\n<h4>Qualit\u00e4tsverbesserungskommission (ehemals Studienbeitragskommission):<\/h4>\n<p>In der QVK wird \u00fcber die Verwendung der Studienersatzmittel entschieden. Die vorhandenen Mittel werden auf die eingegangenen Antr\u00e4ge verteilt. Als einzige Kommission verf\u00fcgen die Studenten in dieser Kommission \u00fcber ein Vetorecht gegen\u00fcber den Professoren und Wissenschaftlichen Mitarbeitern. Wenn ihr Ideen habt, die eurer Meinung nach die Studienbedingungen verbessern und aus Studiengeb\u00fchren finanziert werden sollen, meldet euch bei uns.<\/p>\n<p><em>Mail: qvk@studphil.rwth-aachen.de<\/em><\/p>\n<p>&nbsp;<\/p>\n<h4>Kommission f\u00fcr Evaluierung:<\/h4>\n<p>Die Evaluierungskommission ist eine Unterkommission der QVK. Sie \u00fcberpr\u00fcft, ob die genehmigten Mittel auch tats\u00e4chlich f\u00fcr den Zweck ausgegeben wurden, f\u00fcr den es beantragt wurde. So wird zum Beispiel \u00fcberpr\u00fcft, ob die \u00d6ffnungszeiten der Bibliothek tats\u00e4chlich verl\u00e4ngert werden, wenn daf\u00fcr Geld genehmigt wurde.<\/p>\n<p><em>Mail: evk@studphil.rwth-aachen.de<\/em><\/p>\n<p>&nbsp;<\/p>\n<h4>Kommission f\u00fcr Struktur, Forschung und wissenschaftlichen Nachwuchs:<\/h4>\n<p>Die Strukturkommission besch\u00e4ftigt sich mit der personellen Struktur der Fakult\u00e4t. Hier wird instituts\u00fcbergreifend \u00fcber die Besetzung von Professuren und \u00e4hnliches diskutiert.<\/p>\n<p><em>Mail: sfw@studphil.rwth-aachen.de<\/em><\/p>\n<p>&nbsp;<\/p>\n<h4>Kommission f\u00fcr Haushalt und Finanzen:<\/h4>\n<p>Normalerweise rund um den Jahreswechsel werden in der Haushaltskommission die Finanzmittel, die vom Land NRW kommen und von der Hochschulleitung auf die einzelnen Fakult\u00e4ten verteilt werden, weitgehend anhand bestimmter Verteilungsschl\u00fcssel (u.a. nach Anzahl erfolgreicher Studienabschl\u00fcsse) weiter an die Institute und das Dekanat zugewiesen.<\/p>\n<p><em>Mail: huf@studphil.rwth-aachen.de<\/em><\/p>\n<p>&nbsp;<\/p>\n<h4>Kommission f\u00fcr Bibliotheksfragen:<\/h4>\n<p>Die Bibliothekskommission besch\u00e4ftigt sich mit Angelegenheiten, die die Bibliotheken innerhalb der Philosophischen Fakult\u00e4t betreffen.<\/p>\n<p><em>Mail: bib@studphil.rwth-aachen.de<\/em><\/p>\n","protected":false},"excerpt":{"rendered":"<p>Gremien &nbsp; Wir vertreten Eure Interessen in Gremien und Kommissionen auf Hochschul- und Fakult\u00e4tsebene. Eine kurze Auflistung findet ihr hier: Unter den angegebenen Mailadressen k\u00f6nnt ihr die studentischen Mitglieder erreichen, solltet ihr Anliegen oder Fragen haben. Fakult\u00e4tsrat Der Fakult\u00e4tsrat ist das h\u00f6chste beschlussfassende Gremium der Fakult\u00e4t. Die Mitglieder werden bei den Hochschulwahlen f\u00fcr jeweils ein [&hellip;]<\/p>\n","protected":false},"author":1,"featured_media":0,"parent":246,"menu_order":3,"comment_status":"closed","ping_status":"closed","template":"","meta":{"_crdt_document":"","footnotes":""},"class_list":["post-252","page","type-page","status-publish","hentry"],"jetpack_sharing_enabled":true,"_links":{"self":[{"href":"https:\/\/www.fslehramt.rwth-aachen.de\/Neu\/index.php?rest_route=\/wp\/v2\/pages\/252","targetHints":{"allow":["GET"]}}],"collection":[{"href":"https:\/\/www.fslehramt.rwth-aachen.de\/Neu\/index.php?rest_route=\/wp\/v2\/pages"}],"about":[{"href":"https:\/\/www.fslehramt.rwth-aachen.de\/Neu\/index.php?rest_route=\/wp\/v2\/types\/page"}],"author":[{"embeddable":true,"href":"https:\/\/www.fslehramt.rwth-aachen.de\/Neu\/index.php?rest_route=\/wp\/v2\/users\/1"}],"replies":[{"embeddable":true,"href":"https:\/\/www.fslehramt.rwth-aachen.de\/Neu\/index.php?rest_route=%2Fwp%2Fv2%2Fcomments&post=252"}],"version-history":[{"count":4,"href":"https:\/\/www.fslehramt.rwth-aachen.de\/Neu\/index.php?rest_route=\/wp\/v2\/pages\/252\/revisions"}],"predecessor-version":[{"id":301,"href":"https:\/\/www.fslehramt.rwth-aachen.de\/Neu\/index.php?rest_route=\/wp\/v2\/pages\/252\/revisions\/301"}],"up":[{"embeddable":true,"href":"https:\/\/www.fslehramt.rwth-aachen.de\/Neu\/index.php?rest_route=\/wp\/v2\/pages\/246"}],"wp:attachment":[{"href":"https:\/\/www.fslehramt.rwth-aachen.de\/Neu\/index.php?rest_route=%2Fwp%2Fv2%2Fmedia&parent=252"}],"curies":[{"name":"wp","href":"https:\/\/api.w.org\/{rel}","templated":true}]}}