{"id":236,"date":"2016-05-31T22:36:43","date_gmt":"2016-05-31T20:36:43","guid":{"rendered":"http:\/\/www.fslehramt.rwth-aachen.de\/Neu\/?page_id=236"},"modified":"2019-08-19T18:46:13","modified_gmt":"2019-08-19T16:46:13","slug":"stundenplan-2","status":"publish","type":"page","link":"https:\/\/www.fslehramt.rwth-aachen.de\/Neu\/?page_id=236","title":{"rendered":"Stundenplan"},"content":{"rendered":"<p><strong>Zum studierbaren Stundenplan in drei Schritten<\/strong><\/p>\n<p><em>1. Vorbereitung<\/em><\/p>\n<p>a)<\/p>\n<p style=\"padding-left: 30px;\">Studienverlaufsplan und Modulkataloge organisieren. Beide finden sich in der lehramtsbezogenen Pr\u00fcfungsordnung f\u00fcr die jeweiligen F\u00e4cher.<br \/>\nHier findest Du die Angabe, welche Module und Teilmodule Du in welchem Umfang studieren musst. Manche Veranstaltungen kannst Du erst in h\u00f6heren Semestern studieren oder wenn Du gewisse andere Kurse schon absolviert hast.<br \/>\nBeginne immer mit Grundlagen- bzw. Einf\u00fchrungsveranstaltungen. Am besten h\u00e4ltst Du Dich an den exemplarischen Studienverlaufsplan (letzte Seite der PO).<br \/>\nIm Modulkatalog stehen f\u00fcr jedes Modul<br \/>\n\u2022 die Dauer (ein bzw. zwei Semester),<br \/>\n\u2022 der Umfang (Anzahl der Teilveranstaltungen und SWS\/CP),<br \/>\n\u2022 Voraussetzungen zur Teilnahme (Sprachkenntnisse, andere Module).<\/p>\n<p>b)<\/p>\n<p style=\"padding-left: 30px;\">Wahlfreiheit vs. fixe Veranstaltungen<br \/>\nManche F\u00e4cher geben nur einen gewissen Rahmen vor, in dem man Module zu absolvieren hat. Andere bestehen aus fixen Modulen, an denen man nicht vorbeikommt. Einige Veranstaltungen sind sogar semesterfixiert, d.h. sie m\u00fcssen genau in dem Semester absolviert werden. Das steht alles in der Pr\u00fcfungsordnung.<\/p>\n<p>c)<\/p>\n<p style=\"padding-left: 30px;\">Gekoppelte Veranstaltungen<br \/>\nEs gibt F\u00e4cher, in denen ist das Bestehen von Fach A Voraussetzung zur Teilnahme an Fach B. Wie sieht das f\u00fcr Deine F\u00e4cher aus? I. d. R. ber\u00fccksichtigen die Studienverlaufspl\u00e4ne solche Spezifika. Bei Unklarheit solltest Du nochmals Deine Tutor*innen, die Fachschaft oder die Fachstudienberater*innen fragen.<\/p>\n<p>&nbsp;<\/p>\n<p><em>2. Entwerfen<\/em><\/p>\n<p style=\"padding-left: 30px;\">1. Logge Dich in RWTHonline ein und w\u00e4hle dort die Studien\u00fcbersicht aus.<br \/>\n2. Dort solltest du diverse \u201eB\u00e4ume\u201c mit deinen Studienf\u00e4chern und BWS vorfinden. Bei Veranstaltungen mit einem kleinem gr\u00fcnem \u201et\u201c, kannst du dich anmelden. Folge dort den Anweisungen.<br \/>\n3. W\u00e4hle die gew\u00fcnschte Veranstaltung aus.<br \/>\n4. Achte bei der Wahl Deiner Veranstaltungen darauf, \u00dcberschneidungen zu vermeiden und Zeit f\u00fcr Raumwechsel einzuplanen. Zwischen den Veranstaltungen stehen Dir 30 Minuten zum Wechsel zur Verf\u00fcgung.<br \/>\n5. Melde Dich zu den Veranstaltungen an und notiere Dir die Zeiten in einem manuellen oder virtuellen Stundenplan.<br \/>\n6. RWTHonline bietet Dir die M\u00f6glichkeit, die Veranstaltungen in einem virtuellen Stundenplan anzuzeigen. Klicke hierzu bei der Startseite auf \u201eMein Terminkalender\u201c. Aber Achtung: Nicht alle Termine sind schon eingetragen, weil die Zuteilung zu Veranstaltungen nicht immer direkt bei der Anmeldung passieren.<br \/>\n7. All Deine Anmeldungen kannst Du unter \u201eLehrveranstaltung\/Meine Lehrveranstaltungen\u201c verfolgen. Dort siehst du auch den Status deiner Anmeldungen.<\/p>\n<p><em>3. Erstellen<\/em><\/p>\n<p>Bin ich schon drin? &#8211; Modular anmelden und in den Stundenplan eintragen bedeutet nicht, dass Du automatisch einen Platz in der Veranstaltung hast. Hast Du Dich modular angemeldet, erh\u00e4ltst Du nach Ablauf der Anmeldefrist eine E-Mail, und erf\u00e4hrst, ob und wann Dir ein Platz zugeteilt wurde oder nicht.<br \/>\nProbleme mit dem Stundenplan? &#8211; Keine Panik! Wende Dich an Deine Fachschaft oder an den \/die entsprechende*n Fachstudienberater*in.<\/p>\n","protected":false},"excerpt":{"rendered":"<p>Zum studierbaren Stundenplan in drei Schritten 1. Vorbereitung a) Studienverlaufsplan und Modulkataloge organisieren. Beide finden sich in der lehramtsbezogenen Pr\u00fcfungsordnung f\u00fcr die jeweiligen F\u00e4cher. Hier findest Du die Angabe, welche Module und Teilmodule Du in welchem Umfang studieren musst. Manche Veranstaltungen kannst Du erst in h\u00f6heren Semestern studieren oder wenn Du gewisse andere Kurse schon [&hellip;]<\/p>\n","protected":false},"author":1,"featured_media":0,"parent":203,"menu_order":4,"comment_status":"closed","ping_status":"closed","template":"","meta":{"_crdt_document":"","footnotes":""},"class_list":["post-236","page","type-page","status-publish","hentry"],"jetpack_sharing_enabled":true,"_links":{"self":[{"href":"https:\/\/www.fslehramt.rwth-aachen.de\/Neu\/index.php?rest_route=\/wp\/v2\/pages\/236","targetHints":{"allow":["GET"]}}],"collection":[{"href":"https:\/\/www.fslehramt.rwth-aachen.de\/Neu\/index.php?rest_route=\/wp\/v2\/pages"}],"about":[{"href":"https:\/\/www.fslehramt.rwth-aachen.de\/Neu\/index.php?rest_route=\/wp\/v2\/types\/page"}],"author":[{"embeddable":true,"href":"https:\/\/www.fslehramt.rwth-aachen.de\/Neu\/index.php?rest_route=\/wp\/v2\/users\/1"}],"replies":[{"embeddable":true,"href":"https:\/\/www.fslehramt.rwth-aachen.de\/Neu\/index.php?rest_route=%2Fwp%2Fv2%2Fcomments&post=236"}],"version-history":[{"count":5,"href":"https:\/\/www.fslehramt.rwth-aachen.de\/Neu\/index.php?rest_route=\/wp\/v2\/pages\/236\/revisions"}],"predecessor-version":[{"id":1385,"href":"https:\/\/www.fslehramt.rwth-aachen.de\/Neu\/index.php?rest_route=\/wp\/v2\/pages\/236\/revisions\/1385"}],"up":[{"embeddable":true,"href":"https:\/\/www.fslehramt.rwth-aachen.de\/Neu\/index.php?rest_route=\/wp\/v2\/pages\/203"}],"wp:attachment":[{"href":"https:\/\/www.fslehramt.rwth-aachen.de\/Neu\/index.php?rest_route=%2Fwp%2Fv2%2Fmedia&parent=236"}],"curies":[{"name":"wp","href":"https:\/\/api.w.org\/{rel}","templated":true}]}}