{"id":220,"date":"2016-05-27T00:52:59","date_gmt":"2016-05-26T22:52:59","guid":{"rendered":"http:\/\/www.fslehramt.rwth-aachen.de\/Neu\/?page_id=220"},"modified":"2018-06-04T20:12:35","modified_gmt":"2018-06-04T18:12:35","slug":"mailingsliste","status":"publish","type":"page","link":"https:\/\/www.fslehramt.rwth-aachen.de\/Neu\/?page_id=220","title":{"rendered":"Mailingsliste"},"content":{"rendered":"<p>Ihr wollt immer auf dem Laufenden sein, was es Aktuelles bzgl. des Lehramtsstudiums an der RWTH gibt? Ihr wollt wissen, was wir zwischen den Erstiwochen so f\u00fcr Euch bewirken und Infos \u00fcber \u00c4nderungen, die f\u00fcr Euch relevant sind, erhalten? Ihr wollte \u00fcber aktuelle Stellenangebote rund um das Lehramt informiert werden?<\/p>\n<p>Dann abonniert die Mailingliste der Fachschaft Lehramt!<\/p>\n<p>So geht\u2018s:<\/p>\n<ul>\n<li>Besucht <a href=\"https:\/\/mailman.rwth-aachen.de\/mailman\/listinfo\/fs7-2lehramt\">https:\/\/mailman.rwth-aachen.de\/mailman\/listinfo\/fs7-2lehramt<\/a><\/li>\n<li>Tragt unter &#8222;Abonnieren&#8220; Eure Mailadresse ein<\/li>\n<li>Seid immer auf dem neuesten Stand!<\/li>\n<\/ul>\n<p>&nbsp;<\/p>\n","protected":false},"excerpt":{"rendered":"<p>Ihr wollt immer auf dem Laufenden sein, was es Aktuelles bzgl. des Lehramtsstudiums an der RWTH gibt? Ihr wollt wissen, was wir zwischen den Erstiwochen so f\u00fcr Euch bewirken und Infos \u00fcber \u00c4nderungen, die f\u00fcr Euch relevant sind, erhalten? Ihr wollte \u00fcber aktuelle Stellenangebote rund um das Lehramt informiert werden? Dann abonniert die Mailingliste der [&hellip;]<\/p>\n","protected":false},"author":1,"featured_media":0,"parent":203,"menu_order":8,"comment_status":"closed","ping_status":"closed","template":"","meta":{"_crdt_document":"","footnotes":""},"class_list":["post-220","page","type-page","status-publish","hentry"],"jetpack_sharing_enabled":true,"_links":{"self":[{"href":"https:\/\/www.fslehramt.rwth-aachen.de\/Neu\/index.php?rest_route=\/wp\/v2\/pages\/220","targetHints":{"allow":["GET"]}}],"collection":[{"href":"https:\/\/www.fslehramt.rwth-aachen.de\/Neu\/index.php?rest_route=\/wp\/v2\/pages"}],"about":[{"href":"https:\/\/www.fslehramt.rwth-aachen.de\/Neu\/index.php?rest_route=\/wp\/v2\/types\/page"}],"author":[{"embeddable":true,"href":"https:\/\/www.fslehramt.rwth-aachen.de\/Neu\/index.php?rest_route=\/wp\/v2\/users\/1"}],"replies":[{"embeddable":true,"href":"https:\/\/www.fslehramt.rwth-aachen.de\/Neu\/index.php?rest_route=%2Fwp%2Fv2%2Fcomments&post=220"}],"version-history":[{"count":6,"href":"https:\/\/www.fslehramt.rwth-aachen.de\/Neu\/index.php?rest_route=\/wp\/v2\/pages\/220\/revisions"}],"predecessor-version":[{"id":1136,"href":"https:\/\/www.fslehramt.rwth-aachen.de\/Neu\/index.php?rest_route=\/wp\/v2\/pages\/220\/revisions\/1136"}],"up":[{"embeddable":true,"href":"https:\/\/www.fslehramt.rwth-aachen.de\/Neu\/index.php?rest_route=\/wp\/v2\/pages\/203"}],"wp:attachment":[{"href":"https:\/\/www.fslehramt.rwth-aachen.de\/Neu\/index.php?rest_route=%2Fwp%2Fv2%2Fmedia&parent=220"}],"curies":[{"name":"wp","href":"https:\/\/api.w.org\/{rel}","templated":true}]}}