{"id":211,"date":"2016-05-27T00:51:26","date_gmt":"2016-05-26T22:51:26","guid":{"rendered":"http:\/\/www.fslehramt.rwth-aachen.de\/Neu\/?page_id=211"},"modified":"2017-10-02T13:53:08","modified_gmt":"2017-10-02T11:53:08","slug":"lateinkenntnisse","status":"publish","type":"page","link":"https:\/\/www.fslehramt.rwth-aachen.de\/Neu\/?page_id=211","title":{"rendered":"Lateinkenntnisse"},"content":{"rendered":"<p><span style=\"text-decoration: underline;\"><span style=\"color: #ff0000; text-decoration: underline;\"><strong>Stand: 02.10.2017<\/strong><\/span><\/span><\/p>\n<p>Vor einigen Semestern\u00a0wurden die Lateinanforderungen f\u00fcr das Lehramtsstudium ge\u00e4ndert. Die modernen Fremdsprachen (Englisch, Franz\u00f6sisch, Spanisch etc.) m\u00fcssen keinerlei Nachweis mehr erbringen. Das Latinum, das noch bis vor dem\u00a0Sommersemester 2016 gebraucht wurde, wird nicht mehr verlangt und muss auch von\u00a0bereits eingeschriebenen Studierenden nicht nachgeholt werden. F\u00fcr die F\u00e4cher Geschichte und Latein m\u00fcssen an der RWTH noch immer Nachweise erbracht werden:<\/p>\n<p>&nbsp;<\/p>\n<h4>Geschichte:<\/h4>\n<p>Die Lateinseminare wurden letztes Semester an das Sprachenzentrum abgegeben.\u00a0Der Nachweis Latein III muss dort erworben werden.<\/p>\n<p>Alle wichtigen Infos findet ihr hier:<\/p>\n<p><a href=\"http:\/\/www.sz.rwth-aachen.de\/cms\/sz\/Fremdsprachen\/Sprachen\/~oelr\/Latein\/\">http:\/\/www.sz.rwth-aachen.de\/cms\/sz\/Fremdsprachen\/Sprachen\/~oelr\/Latein\/ <\/a><\/p>\n<p>Hier gibt es noch ein paar Infos des historischen Instituts. Einen\u00a0Intensivkurs gibt es leider nicht mehr.<\/p>\n<p><a href=\"http:\/\/www.histinst.rwth-aachen.de\/cms\/HISTINST\/Studium\/~jbdc\/Latein\/\">http:\/\/www.histinst.rwth-aachen.de\/cms\/HISTINST\/Studium\/~jbdc\/Latein\/<\/a><\/p>\n<p>Eine Pr\u00fcfung in K\u00f6ln ist nicht erforderlich.<\/p>\n<p>&nbsp;<\/p>\n<h4>Katholische Religionslehre:<\/h4>\n<p>Das gro\u00dfe Latinum muss durch die Pr\u00fcfungen in K\u00f6ln erworben werden. N\u00e4here Infos zu Terminen, Pr\u00fcfungen etc. findet ihr hier:<\/p>\n<p><a href=\"http:\/\/www.bezreg-koeln.nrw.de\/brk_internet\/leistungen\/abteilung04\/43\/erweiterungspruefung\/index.html\">http:\/\/www.bezreg-koeln.nrw.de\/brk_internet\/leistungen\/abteilung04\/43\/erweiterungspruefung\/index.html<\/a><\/p>\n<p>Mehr zu den Inhalten der Pr\u00fcfung gibt es hier:<\/p>\n<p><a href=\"http:\/\/www.histinst.rwth-aachen.de\/go\/id\/jfvl\">http:\/\/www.histinst.rwth-aachen.de\/go\/id\/jfvl<\/a><\/p>\n<p>Die Kurse werden wie bei Geschichte \u00fcber das Sprachenzentrum belegt. (Link siehe oben)<\/p>\n<p>&nbsp;<\/p>\n<h4><\/h4>\n<p><strong>Welcher Arbeitsaufwand ist\u00a0das f\u00fcr mich?<\/strong><\/p>\n<p>Die gesonderten Sprachkenntnisse sind extra zu absolvieren. Das bedeutet f\u00fcr Dich zus\u00e4tzlichen Lernaufwand neben dem Studium. Plane f\u00fcr die Lateinkurse genug (Lern-)Zeit ein und beginne mit den Kursen rechtzeitig! Wenn du gerne Erfahrungsberichte von Studis h\u00e4ttest, die das Latinum an der Uni nachgeholt haben, dann melde dich einfach bei uns. Aus unseren Reihen sind auch einige dabei, die das Latinum noch nachtr\u00e4glich erworben haben.<\/p>\n","protected":false},"excerpt":{"rendered":"<p>Stand: 02.10.2017 Vor einigen Semestern\u00a0wurden die Lateinanforderungen f\u00fcr das Lehramtsstudium ge\u00e4ndert. Die modernen Fremdsprachen (Englisch, Franz\u00f6sisch, Spanisch etc.) m\u00fcssen keinerlei Nachweis mehr erbringen. Das Latinum, das noch bis vor dem\u00a0Sommersemester 2016 gebraucht wurde, wird nicht mehr verlangt und muss auch von\u00a0bereits eingeschriebenen Studierenden nicht nachgeholt werden. F\u00fcr die F\u00e4cher Geschichte und Latein m\u00fcssen an der [&hellip;]<\/p>\n","protected":false},"author":1,"featured_media":0,"parent":203,"menu_order":3,"comment_status":"closed","ping_status":"closed","template":"","meta":{"_crdt_document":"","footnotes":""},"class_list":["post-211","page","type-page","status-publish","hentry"],"jetpack_sharing_enabled":true,"_links":{"self":[{"href":"https:\/\/www.fslehramt.rwth-aachen.de\/Neu\/index.php?rest_route=\/wp\/v2\/pages\/211","targetHints":{"allow":["GET"]}}],"collection":[{"href":"https:\/\/www.fslehramt.rwth-aachen.de\/Neu\/index.php?rest_route=\/wp\/v2\/pages"}],"about":[{"href":"https:\/\/www.fslehramt.rwth-aachen.de\/Neu\/index.php?rest_route=\/wp\/v2\/types\/page"}],"author":[{"embeddable":true,"href":"https:\/\/www.fslehramt.rwth-aachen.de\/Neu\/index.php?rest_route=\/wp\/v2\/users\/1"}],"replies":[{"embeddable":true,"href":"https:\/\/www.fslehramt.rwth-aachen.de\/Neu\/index.php?rest_route=%2Fwp%2Fv2%2Fcomments&post=211"}],"version-history":[{"count":12,"href":"https:\/\/www.fslehramt.rwth-aachen.de\/Neu\/index.php?rest_route=\/wp\/v2\/pages\/211\/revisions"}],"predecessor-version":[{"id":1097,"href":"https:\/\/www.fslehramt.rwth-aachen.de\/Neu\/index.php?rest_route=\/wp\/v2\/pages\/211\/revisions\/1097"}],"up":[{"embeddable":true,"href":"https:\/\/www.fslehramt.rwth-aachen.de\/Neu\/index.php?rest_route=\/wp\/v2\/pages\/203"}],"wp:attachment":[{"href":"https:\/\/www.fslehramt.rwth-aachen.de\/Neu\/index.php?rest_route=%2Fwp%2Fv2%2Fmedia&parent=211"}],"curies":[{"name":"wp","href":"https:\/\/api.w.org\/{rel}","templated":true}]}}