{"id":209,"date":"2016-05-27T00:51:05","date_gmt":"2016-05-26T22:51:05","guid":{"rendered":"http:\/\/www.fslehramt.rwth-aachen.de\/Neu\/?page_id=209"},"modified":"2016-10-16T14:14:14","modified_gmt":"2016-10-16T12:14:14","slug":"studienfaecher","status":"publish","type":"page","link":"https:\/\/www.fslehramt.rwth-aachen.de\/Neu\/?page_id=209","title":{"rendered":"Studienf\u00e4cher"},"content":{"rendered":"<p><strong>Studienf\u00e4cher<\/strong><\/p>\n<p>Die RWTH bietet Dir ein breites Spektrum an F\u00e4chern und Kombinationsm\u00f6glichkeiten im Lehramt. Aufgelistet findest Du alle F\u00e4cher f\u00fcr das Studienziel Gymnasium\/Gesamtschule (Gy\/Ge) und Berufskolleg (BK):<\/p>\n<p>Studienziel: Lehramt an Gymnasium und Gesamtschulen? =&gt; <a href=\"http:\/\/www.lbz.rwth-aachen.de\/global\/show_document.asp?id=aaaaaaaaaaburaz\">Infopapier<\/a><\/p>\n<ul>\n<li><a href=\"http:\/\/www.rwth-aachen.de\/go\/id\/bgpa\/\">Biologie<\/a> [<a href=\"http:\/\/www.rwth-aachen.de\/cms\/root\/Die_RWTH\/Aktuell\/%7Exhf\/Amtliche_Bekanntmachungen\/?search=Biologie+Lehramt+Gymnasien+Gesamtschulen+Bachelor&amp;page=&amp;aaaaaaaaaaaaaqf=&amp;aaaaaaaaaaaaaqg=&amp;aaaaaaaaaaaaaqi=&amp;aaaaaaaaaaaaaqj=&amp;aaaaaaaaaaaaaqo=\">FPO<\/a>, <a href=\"http:\/\/www.campus.rwth-aachen.de\/rwth\/all\/examRule.asp?gguid=0x7C9C3093C9261D43ACBC585805221F49&amp;tguid=0x3C156D5BB09D6E4E9B8C871ADCED4FE9\">CAMPUS<\/a>]<\/li>\n<li><a href=\"http:\/\/www.rwth-aachen.de\/go\/id\/bgrf\/\">Chemie<\/a> [<a href=\"http:\/\/www.rwth-aachen.de\/cms\/root\/Die_RWTH\/Aktuell\/%7Exhf\/Amtliche_Bekanntmachungen\/?search=Chemie+Lehramt+Gymnasien+Gesamtschulen+Bachelor&amp;page=&amp;aaaaaaaaaaaaaqf=&amp;aaaaaaaaaaaaaqg=&amp;aaaaaaaaaaaaaqi=&amp;aaaaaaaaaaaaaqj=&amp;aaaaaaaaaaaaaqo=\">FPO<\/a>, <a href=\"http:\/\/www.campus.rwth-aachen.de\/rwth\/all\/examRule.asp?gguid=0x65F892B30057C444BB4F7D9F077B8317&amp;tguid=0x3C156D5BB09D6E4E9B8C871ADCED4FE9\">CAMPUS<\/a>]<\/li>\n<li><a href=\"http:\/\/www.rwth-aachen.de\/go\/id\/bhbc\/\">Deutsch<\/a> [<a href=\"http:\/\/www.rwth-aachen.de\/cms\/root\/Die_RWTH\/Aktuell\/%7Exhf\/Amtliche_Bekanntmachungen\/?search=Deutsch+Lehramt+Gymnasien+Gesamtschulen+Bachelor&amp;page=&amp;aaaaaaaaaaaaaqf=&amp;aaaaaaaaaaaaaqg=&amp;aaaaaaaaaaaaaqi=&amp;aaaaaaaaaaaaaqj=&amp;aaaaaaaaaaaaaqo=\">FPO<\/a>, <a href=\"http:\/\/www.campus.rwth-aachen.de\/rwth\/all\/examRule.asp?gguid=0x68F7D47554814F458F55C1D19FDB4A97&amp;tguid=0x3C156D5BB09D6E4E9B8C871ADCED4FE9\">CAMPUS<\/a>]<\/li>\n<li><a href=\"http:\/\/www.rwth-aachen.de\/go\/id\/bhdg\/\">Englisch<\/a> <strong><sup>A<\/sup><\/strong> [<a href=\"http:\/\/www.rwth-aachen.de\/cms\/root\/Die_RWTH\/Aktuell\/%7Exhf\/Amtliche_Bekanntmachungen\/?search=+Englisch+Lehramt+Gymnasien+Gesamtschulen+Bachelor&amp;page=&amp;aaaaaaaaaaaaaqf=&amp;aaaaaaaaaaaaaqg=&amp;aaaaaaaaaaaaaqi=&amp;aaaaaaaaaaaaaqj=&amp;aaaaaaaaaaaaaqo=\">FPO<\/a>, <a href=\"http:\/\/www.campus.rwth-aachen.de\/rwth\/all\/examRule.asp?gguid=0x28556FC20B37DE4CBF970B2C97655DD3&amp;tguid=0x3C156D5BB09D6E4E9B8C871ADCED4FE9\">CAMPUS<\/a>]<\/li>\n<li>Franz\u00f6sisch (auslaufend)<strong> <sup>A<\/sup><\/strong> [<a href=\"http:\/\/www.rwth-aachen.de\/cms\/root\/Die_RWTH\/Aktuell\/%7Exhf\/Amtliche_Bekanntmachungen\/?search=Franz%F6sisch+Lehramt+Gymnasien+Gesamtschulen+Bachelor&amp;page=&amp;aaaaaaaaaaaaaqf=&amp;aaaaaaaaaaaaaqg=&amp;aaaaaaaaaaaaaqi=&amp;aaaaaaaaaaaaaqj=&amp;aaaaaaaaaaaaaqo=\">FPO<\/a>, <a href=\"http:\/\/www.campus.rwth-aachen.de\/rwth\/all\/examRule.asp?gguid=0x72B29B189BA0ED43973B2C4F84B36465&amp;tguid=0x3C156D5BB09D6E4E9B8C871ADCED4FE9\">CAMPUS<\/a>]<\/li>\n<li><a href=\"http:\/\/www.rwth-aachen.de\/go\/id\/bhgj\/\">Geschichte<\/a> <strong><sup>L<\/sup><\/strong> [<a href=\"http:\/\/www.rwth-aachen.de\/cms\/root\/Die_RWTH\/Aktuell\/%7Exhf\/Amtliche_Bekanntmachungen\/?search=Geschichte+Lehramt+Gymnasien+Gesamtschulen+Bachelor&amp;page=&amp;aaaaaaaaaaaaaqf=&amp;aaaaaaaaaaaaaqg=&amp;aaaaaaaaaaaaaqi=&amp;aaaaaaaaaaaaaqj=&amp;aaaaaaaaaaaaaqo=\">FPO<\/a>, <a href=\"http:\/\/www.campus.rwth-aachen.de\/rwth\/all\/examRule.asp?gguid=0x5B6A29DEE9EAEE4F8323D36CAEF4C9DC&amp;tguid=0x3C156D5BB09D6E4E9B8C871ADCED4FE9\">CAMPUS<\/a>]<\/li>\n<li><a href=\"http:\/\/www.rwth-aachen.de\/go\/id\/bgsi\/\">Informatik<\/a> [<a href=\"http:\/\/www.rwth-aachen.de\/cms\/root\/Die_RWTH\/Aktuell\/%7Exhf\/Amtliche_Bekanntmachungen\/?search=Informatik+Lehramt+Gymnasien+Gesamtschulen+Bachelor&amp;page=&amp;aaaaaaaaaaaaaqf=&amp;aaaaaaaaaaaaaqg=&amp;aaaaaaaaaaaaaqi=&amp;aaaaaaaaaaaaaqj=&amp;aaaaaaaaaaaaaqo=\">FPO<\/a>, <a href=\"http:\/\/www.campus.rwth-aachen.de\/rwth\/all\/examRule.asp?gguid=0xAE453FC1C767F74B9108291A7E37AAA9&amp;tguid=0x3C156D5BB09D6E4E9B8C871ADCED4FE9\">CAMPUS<\/a>]<\/li>\n<li><a href=\"http:\/\/www.rwth-aachen.de\/go\/id\/bhil\/\">Katholische Religionslehre<\/a> <strong><sup>L<\/sup><\/strong> [<a href=\"http:\/\/www.rwth-aachen.de\/cms\/root\/Die_RWTH\/Aktuell\/%7Exhf\/Amtliche_Bekanntmachungen\/?search=Katholische+Religion+Lehramt+Gymnasien+Gesamtschulen+Bachelor&amp;page=&amp;aaaaaaaaaaaaaqf=&amp;aaaaaaaaaaaaaqg=&amp;aaaaaaaaaaaaaqi=&amp;aaaaaaaaaaaaaqj=&amp;aaaaaaaaaaaaaqo=\">FPO<\/a>, <a href=\"http:\/\/www.campus.rwth-aachen.de\/rwth\/all\/examRule.asp?gguid=0xAF62039FFD0D604AB52126A9AE036484&amp;tguid=0x3C156D5BB09D6E4E9B8C871ADCED4FE9\">CAMPUS<\/a>]<\/li>\n<li><a href=\"http:\/\/www.rwth-aachen.de\/go\/id\/bgva\/\">Mathematik<\/a> [<a href=\"http:\/\/www.rwth-aachen.de\/cms\/root\/Die_RWTH\/Aktuell\/%7Exhf\/Amtliche_Bekanntmachungen\/?search=Mathematik+Lehramt+Gymnasien+Gesamtschulen+Bachelor&amp;page=&amp;aaaaaaaaaaaaaqf=&amp;aaaaaaaaaaaaaqg=&amp;aaaaaaaaaaaaaqi=&amp;aaaaaaaaaaaaaqj=&amp;aaaaaaaaaaaaaqo=\">FPO<\/a>, <a href=\"http:\/\/www.campus.rwth-aachen.de\/rwth\/all\/examRule.asp?gguid=0x2CBB8B7022F9C44D978C7ADB6092AD9A&amp;tguid=0x3C156D5BB09D6E4E9B8C871ADCED4FE9\">CAMPUS<\/a>]<\/li>\n<li><a href=\"http:\/\/www.rwth-aachen.de\/go\/id\/bgyj\/\">Physik<\/a> [<a href=\"http:\/\/www.rwth-aachen.de\/cms\/root\/Die_RWTH\/Aktuell\/%7Exhf\/Amtliche_Bekanntmachungen\/?search=Physik+Lehramt+Gymnasien+Gesamtschulen+Bachelor&amp;page=&amp;aaaaaaaaaaaaaqf=&amp;aaaaaaaaaaaaaqg=&amp;aaaaaaaaaaaaaqi=&amp;aaaaaaaaaaaaaqj=&amp;aaaaaaaaaaaaaqo=\">FPO<\/a>, <a href=\"http:\/\/www.campus.rwth-aachen.de\/rwth\/all\/examRule.asp?gguid=0x488D89ADA6F6A44791E2233A1DF40254&amp;tguid=0x3C156D5BB09D6E4E9B8C871ADCED4FE9\">CAMPUS<\/a>]<\/li>\n<li>Technik [<a href=\"http:\/\/lehramt-technik.rwth-aachen.de\/\">http:\/\/lehramt-technik.rwth-aachen.de\/<\/a>]<\/li>\n<li>Spanisch (auslaufend) <strong><sup>A<\/sup><\/strong> [<a href=\"http:\/\/www.rwth-aachen.de\/cms\/root\/Die_RWTH\/Aktuell\/%7Exhf\/Amtliche_Bekanntmachungen\/?search=Spanisch+Lehramt+Gymnasien+Gesamtschulen+Bachelor&amp;page=&amp;aaaaaaaaaaaaaqf=&amp;aaaaaaaaaaaaaqg=&amp;aaaaaaaaaaaaaqi=&amp;aaaaaaaaaaaaaqj=&amp;aaaaaaaaaaaaaqo=\">FPO<\/a>, <a href=\"http:\/\/www.campus.rwth-aachen.de\/rwth\/all\/examRule.asp?gguid=0x2FA046CFD388DC4D8411DC5FBCB85CEF&amp;tguid=0x3C156D5BB09D6E4E9B8C871ADCED4FE9\">CAMPUS<\/a>]<\/li>\n<\/ul>\n<p>&nbsp;<\/p>\n<p><strong>L\u00a0<\/strong>Umfassende Informationen findest Du auf den Seiten des Lehrerbildungszentrums (LBZ): <a href=\"http:\/\/www.lbz.rwth-aachen.de\/labamagyge\">Lehramt Gy\/Ge<\/a><\/p>\n<p><strong>L<\/strong>= Achtung Lateinfalle! F\u00fcr diese F\u00e4cher werden\u00a0das Latinum oder zumindest Lateinkenntnisse gefordert.\u00a0Mehr dazu im Reiter <em>&gt; Studium &gt; Lateinkenntnisse<\/em><\/p>\n<p><strong> A<\/strong>= Hier wird ein Auslandsaufenthalt von drei Monaten gefordert!<\/p>\n<p>Umfassende Informationen gibt es hier: <a href=\"http:\/\/www.lbz.rwth-aachen.de\/labamagyge\">www.lbz.rwth-aachen.de\/labamagyge<\/a><\/p>\n<p>&nbsp;<\/p>\n<p>Studienziel: \u00a0Lehramt an Berufskollegs im Studiengangmodell I (gleichgewichtet) =&gt; <a href=\"http:\/\/www.lbz.rwth-aachen.de\/global\/show_document.asp?id=aaaaaaaaaaburba\">Infopapier<\/a><\/p>\n<p><strong>Berufliche Fachrichtungen<\/strong><\/p>\n<ul>\n<li><a href=\"http:\/\/www.rwth-aachen.de\/go\/id\/beum\/\">Bautechnik<\/a> [<a href=\"http:\/\/www.rwth-aachen.de\/ca\/bw\/xhf\/?month=&amp;search=Bautechnik+Bachelor+Lehramt\">FPO<\/a>; <a href=\"http:\/\/www.campus.rwth-aachen.de\/rwth\/all\/examRule.asp?gguid=0x9A0A8F5EBD60AA4A95DD89E77CB999B7&amp;tguid=0x3C156D5BB09D6E4E9B8C871ADCED4FE9\">CAMPUS<\/a>]<\/li>\n<li><a href=\"http:\/\/www.rwth-aachen.de\/go\/id\/bfav\/\">Elektrotechnik<\/a> [<a href=\"http:\/\/www.campus.rwth-aachen.de\/rwth\/all\/examRule.asp?gguid=0x38AFC63A4B309F48B01DE7D4113851A7&amp;tguid=0x3C156D5BB09D6E4E9B8C871ADCED4FE9\">CAMPUS<\/a>]<\/li>\n<li><u> Maschinenbautechnik<\/u> [<a href=\"http:\/\/www.campus.rwth-aachen.de\/rwth\/all\/examRule.asp?gguid=0xFA0D1DB152E44C42A57261C8954835D4&amp;tguid=0x3C156D5BB09D6E4E9B8C871ADCED4FE9\">CAMPUS<\/a>]<\/li>\n<li><a href=\"http:\/\/www.rwth-aachen.de\/go\/id\/bfjv\/\">Textiltechnik<\/a> [<a href=\"http:\/\/www.campus.rwth-aachen.de\/rwth\/all\/examRule.asp?gguid=0x852FFA1B8D9BF74AB801FF82ACB79AFA&amp;tguid=0x3C156D5BB09D6E4E9B8C871ADCED4FE9\">CAMPUS<\/a>]<\/li>\n<li><a href=\"http:\/\/www.rwth-aachen.de\/go\/id\/bfqn\/\">Wirtschaftswissenschaft<\/a>.[<a href=\"http:\/\/www.rwth-aachen.de\/cms\/root\/Die_RWTH\/Aktuell\/%7Exhf\/Amtliche_Bekanntmachungen\/?search=Wirtschaftswissenschaft+Bachelor+Lehramt+berufliche&amp;page=&amp;aaaaaaaaaaaaaqf=&amp;aaaaaaaaaaaaaqg=&amp;aaaaaaaaaaaaaqi=&amp;aaaaaaaaaaaaaqj=&amp;aaaaaaaaaaaaaqo=\">FPO<\/a>; <a href=\"http:\/\/www.campus.rwth-aachen.de\/rwth\/all\/examRule.asp?gguid=0x439FD051BD95C04ABB3E2881FAEEB3E1&amp;tguid=0x3C156D5BB09D6E4E9B8C871ADCED4FE9\">CAMPUS<\/a>]<\/li>\n<\/ul>\n<p><strong><br \/>\nUnterrichtsf\u00e4cher<\/strong><\/p>\n<ul>\n<li><a href=\"http:\/\/www.rwth-aachen.de\/go\/id\/bfru\/\">Biologie<\/a> [<a href=\"http:\/\/www.rwth-aachen.de\/cms\/root\/Die_RWTH\/Aktuell\/%7Exhf\/Amtliche_Bekanntmachungen\/?search=Biologie+Lehramt+Berufskollegs+Bachelor&amp;page=&amp;aaaaaaaaaaaaaqf=&amp;aaaaaaaaaaaaaqg=&amp;aaaaaaaaaaaaaqi=&amp;aaaaaaaaaaaaaqj=&amp;aaaaaaaaaaaaaqo=\">FPO<\/a>; <a href=\"http:\/\/www.campus.rwth-aachen.de\/rwth\/all\/examRule.asp?gguid=0xBCDE50092C48B74F8E1E4ED00B50E682&amp;tguid=0x3C156D5BB09D6E4E9B8C871ADCED4FE9\">CAMPUS<\/a>]<\/li>\n<li><a href=\"http:\/\/www.rwth-aachen.de\/go\/id\/bgqc\/\">Chemie<\/a> [<a href=\"http:\/\/www.rwth-aachen.de\/cms\/root\/Die_RWTH\/Aktuell\/%7Exhf\/Amtliche_Bekanntmachungen\/?search=Chemie+Lehramt+Berufskollegs+Bachelor&amp;page=&amp;aaaaaaaaaaaaaqf=&amp;aaaaaaaaaaaaaqg=&amp;aaaaaaaaaaaaaqi=&amp;aaaaaaaaaaaaaqj=&amp;aaaaaaaaaaaaaqo=\">FPO<\/a>; <a href=\"http:\/\/www.campus.rwth-aachen.de\/rwth\/all\/examRule.asp?gguid=0x38CB7379C192EB498CB08A2C62252410&amp;tguid=0x3C156D5BB09D6E4E9B8C871ADCED4FE9\">CAMPUS<\/a>]<\/li>\n<li><a href=\"http:\/\/www.rwth-aachen.de\/go\/id\/bgzs\/\">Deutsch<\/a> [<a href=\"http:\/\/www.rwth-aachen.de\/cms\/root\/Die_RWTH\/Aktuell\/%7Exhf\/Amtliche_Bekanntmachungen\/?search=Deutsch+Bachelor+Lehramt+Berufskolleg\">FPO<\/a>; <a href=\"http:\/\/www.campus.rwth-aachen.de\/rwth\/all\/examRule.asp?gguid=0xBE586025A179124AA6D75A9EC5398109&amp;tguid=0x3C156D5BB09D6E4E9B8C871ADCED4FE9\">CAMPUS<\/a>]<\/li>\n<li><a href=\"http:\/\/www.rwth-aachen.de\/go\/id\/bhcf\/\">Englisch<\/a> <strong><sup>A <\/sup><\/strong>[<a href=\"http:\/\/www.rwth-aachen.de\/cms\/root\/Die_RWTH\/Aktuell\/%7Exhf\/Amtliche_Bekanntmachungen\/?search=Englisch+Lehramt+Bachelor+Berufskollegs\">FPO<\/a>; <a href=\"http:\/\/www.campus.rwth-aachen.de\/rwth\/all\/examRule.asp?gguid=0x19C9475C3F23E54B8FFE59EFD644A621&amp;tguid=0x3C156D5BB09D6E4E9B8C871ADCED4FE9\">CAMPUS<\/a>]<\/li>\n<li><a href=\"http:\/\/www.rwth-aachen.de\/go\/id\/bheh\/\">Franz\u00f6sisch<\/a><strong><sup> A <\/sup><\/strong>[<a href=\"http:\/\/www.rwth-aachen.de\/cms\/root\/Die_RWTH\/Aktuell\/%7Exhf\/Amtliche_Bekanntmachungen\/?search=Franz%F6sisch+Bachelor+Lehramt+Berufskollegs\">FPO<\/a>; <a href=\"http:\/\/www.campus.rwth-aachen.de\/rwth\/all\/examRule.asp?gguid=0xCA9F3ED015AE3D49B8D221E052687586&amp;tguid=0x3C156D5BB09D6E4E9B8C871ADCED4FE9\">CAMPUS<\/a>]<\/li>\n<li><a href=\"http:\/\/www.rwth-aachen.de\/go\/id\/bhhk\/\">Katholische Religionslehre<\/a> <strong><sup>L <\/sup><\/strong>[<a href=\"http:\/\/www.rwth-aachen.de\/cms\/root\/Die_RWTH\/Aktuell\/%7Exhf\/Amtliche_Bekanntmachungen\/?search=Katholische+Religion+Bachelor+Lehramt+Berufskollegs\">FPO<\/a>; <a href=\"http:\/\/www.campus.rwth-aachen.de\/rwth\/all\/examRule.asp?gguid=0x0AEE571A6D76EF4298FB4C861EF29A9C&amp;tguid=0x3C156D5BB09D6E4E9B8C871ADCED4FE9\">CAMPUS<\/a>]<\/li>\n<li><a href=\"http:\/\/www.rwth-aachen.de\/go\/id\/bgtx\/\">Mathematik<\/a> [<a href=\"http:\/\/www.rwth-aachen.de\/cms\/root\/Die_RWTH\/Aktuell\/%7Exhf\/Amtliche_Bekanntmachungen\/?search=Mathematik+Lehramt+Berufskollegs+Bachelor&amp;page=&amp;aaaaaaaaaaaaaqf=&amp;aaaaaaaaaaaaaqg=&amp;aaaaaaaaaaaaaqi=&amp;aaaaaaaaaaaaaqj=&amp;aaaaaaaaaaaaaqo=\">FPO<\/a>; <a href=\"http:\/\/www.campus.rwth-aachen.de\/rwth\/all\/examRule.asp?gguid=0xE498A56273B28A40B8958B54F2418041&amp;tguid=0x3C156D5BB09D6E4E9B8C871ADCED4FE9\">CAMPUS<\/a>]<\/li>\n<li><a href=\"http:\/\/www.rwth-aachen.de\/go\/id\/bgxd\/\">Physik<\/a> [<a href=\"http:\/\/www.rwth-aachen.de\/cms\/root\/Die_RWTH\/Aktuell\/%7Exhf\/Amtliche_Bekanntmachungen\/?search=Physik+Lehramt+Berufskollegs+Bachelor&amp;page=&amp;aaaaaaaaaaaaaqf=&amp;aaaaaaaaaaaaaqg=&amp;aaaaaaaaaaaaaqi=&amp;aaaaaaaaaaaaaqj=&amp;aaaaaaaaaaaaaqo=\">FPO<\/a>; <a href=\"http:\/\/www.campus.rwth-aachen.de\/rwth\/all\/examRule.asp?gguid=0xDDCE5170351BD346BFAAF5D80045CC7A&amp;tguid=0x3C156D5BB09D6E4E9B8C871ADCED4FE9\">CAMPUS<\/a>]<\/li>\n<li><a href=\"http:\/\/www.rwth-aachen.de\/go\/id\/bhjm\/\">Politik<\/a> [<a href=\"http:\/\/www.rwth-aachen.de\/cms\/root\/Die_RWTH\/Aktuell\/%7Exhf\/Amtliche_Bekanntmachungen\/?search=Politik+Lehramt+Berufskollegs+Bachelor&amp;page=&amp;aaaaaaaaaaaaaqf=&amp;aaaaaaaaaaaaaqg=&amp;aaaaaaaaaaaaaqi=&amp;aaaaaaaaaaaaaqj=&amp;aaaaaaaaaaaaaqo=\">FPO<\/a>; <a href=\"http:\/\/www.campus.rwth-aachen.de\/rwth\/all\/examRule.asp?gguid=0x76EB671193514346B5107D119E0BCD37&amp;tguid=0x3C156D5BB09D6E4E9B8C871ADCED4FE9\">CAMPUS<\/a>]<\/li>\n<li><a href=\"http:\/\/www.rwth-aachen.de\/go\/id\/bhkn\/\">Spanisch<\/a> <strong><sup>A <\/sup><\/strong>[<a href=\"http:\/\/www.rwth-aachen.de\/cms\/root\/Die_RWTH\/Aktuell\/%7Exhf\/Amtliche_Bekanntmachungen\/?search=Spanisch+Lehramt+Berufskollegs+Bachelor&amp;page=&amp;aaaaaaaaaaaaaqf=&amp;aaaaaaaaaaaaaqg=&amp;aaaaaaaaaaaaaqi=&amp;aaaaaaaaaaaaaqj=&amp;aaaaaaaaaaaaaqo=\">FPO<\/a>; <a href=\"http:\/\/www.campus.rwth-aachen.de\/rwth\/all\/examRule.asp?gguid=0x8746211B01760B46A95221A915F872F0&amp;tguid=0x3C156D5BB09D6E4E9B8C871ADCED4FE9\">CAMPUS<\/a>]<\/li>\n<li><a href=\"http:\/\/www.rwth-aachen.de\/go\/id\/bhmq\/\">Wirtschaftslehre\/Politik<\/a> [<a href=\"http:\/\/www.rwth-aachen.de\/cms\/root\/Die_RWTH\/Aktuell\/%7Exhf\/Amtliche_Bekanntmachungen\/?search=Wirtschaftslehre\/Politik+Lehramt+Bachelor&amp;page=&amp;aaaaaaaaaaaaaqf=&amp;aaaaaaaaaaaaaqg=&amp;aaaaaaaaaaaaaqi=&amp;aaaaaaaaaaaaaqj=&amp;aaaaaaaaaaaaaqo=\">FPO<\/a>, <a href=\"http:\/\/www.campus.rwth-aachen.de\/rwth\/all\/examRule.asp?gguid=0xC3130BF2304F1C418F7760C15AA54984&amp;tguid=0x3C156D5BB09D6E4E9B8C871ADCED4FE9\">CAMPUS<\/a>]<\/li>\n<\/ul>\n<p><strong>L= <\/strong> Achtung Lateinfalle! F\u00fcr diese F\u00e4cher werden Lateinkenntnisse<br \/>\n<strong>A<\/strong>= hier wird ein Auslandsaufenthalt von 3 Monaten gefordert!<\/p>\n<p>&nbsp;<\/p>\n<p>Umfassende Informationen gibt es hier: <a href=\"http:\/\/www.lbz.rwth-aachen.de\/labamabkI\">www.lbz.rwth-aachen.de\/labamabkI<\/a><\/p>\n<p><strong>\u00a0<\/strong><\/p>\n<p>Studienziel: \u00a0Lehramt an Berufskollegs im Studiengangmodell II (ungleichgewichtet) =&gt; <a href=\"http:\/\/www.lbz.rwth-aachen.de\/global\/show_document.asp?id=aaaaaaaaaaburbb\">Infopapier<\/a><\/p>\n<ul>\n<li><strong> <a href=\"http:\/\/www.rwth-aachen.de\/go\/id\/beum\/\">Bautechnik<\/a> <\/strong>mit [<a href=\"http:\/\/www.rwth-aachen.de\/cms\/root\/Die_RWTH\/Aktuell\/%7Exhf\/Amtliche_Bekanntmachungen\/?search=Gro%DFe+berufliche+Fachrichtung+Bautechnik+Lehramt+Bachelor&amp;page=&amp;aaaaaaaaaaaaaqf=&amp;aaaaaaaaaaaaaqg=&amp;aaaaaaaaaaaaaqi=&amp;aaaaaaaaaaaaaqj=&amp;aaaaaaaaaaaaaqo=\">FPO<\/a>, <a href=\"http:\/\/www.campus.rwth-aachen.de\/rwth\/all\/examRule.asp?gguid=0x1AF2E76F8110604FBD2A3EC9B48C711B&amp;tguid=0x3C156D5BB09D6E4E9B8C871ADCED4FE9\">CAMPUS<\/a>]\n<ul>\n<li><a href=\"http:\/\/www.rwth-aachen.de\/go\/id\/bevp\/\">Hochbautechnik<\/a> oder [<a href=\"http:\/\/www.rwth-aachen.de\/cms\/root\/Die_RWTH\/Aktuell\/%7Exhf\/Amtliche_Bekanntmachungen\/?search=Gro%DFe+berufliche+Fachrichtung+Bautechnik+Lehramt+Bachelor&amp;page=&amp;aaaaaaaaaaaaaqf=&amp;aaaaaaaaaaaaaqg=&amp;aaaaaaaaaaaaaqi=&amp;aaaaaaaaaaaaaqj=&amp;aaaaaaaaaaaaaqo=\">FPO<\/a>, <a href=\"http:\/\/www.campus.rwth-aachen.de\/rwth\/all\/examRule.asp?gguid=0x025D932AF15F254F86992AFACA10699E&amp;tguid=0x3C156D5BB09D6E4E9B8C871ADCED4FE9\">CAMPUS<\/a>]<\/li>\n<li><a href=\"http:\/\/www.rwth-aachen.de\/go\/id\/bews\/\">Holztechnik<\/a> oder [<a href=\"http:\/\/www.rwth-aachen.de\/cms\/root\/Die_RWTH\/Aktuell\/%7Exhf\/Amtliche_Bekanntmachungen\/?search=Gro%DFe+berufliche+Fachrichtung+Bautechnik+Lehramt+Bachelor&amp;page=&amp;aaaaaaaaaaaaaqf=&amp;aaaaaaaaaaaaaqg=&amp;aaaaaaaaaaaaaqi=&amp;aaaaaaaaaaaaaqj=&amp;aaaaaaaaaaaaaqo=\">FPO<\/a>, <a href=\"http:\/\/www.campus.rwth-aachen.de\/rwth\/all\/examRule.asp?gguid=0x670273A4CC32AD45B5FF04C3018DC269&amp;tguid=0x3C156D5BB09D6E4E9B8C871ADCED4FE9\">CAMPUS<\/a>]<\/li>\n<li><a href=\"http:\/\/www.rwth-aachen.de\/go\/id\/bext\/\">Tiefbautechnik<\/a> oder [<a href=\"http:\/\/www.rwth-aachen.de\/cms\/root\/Die_RWTH\/Aktuell\/%7Exhf\/Amtliche_Bekanntmachungen\/?search=Gro%DFe+berufliche+Fachrichtung+Bautechnik+Lehramt+Bachelor&amp;page=&amp;aaaaaaaaaaaaaqf=&amp;aaaaaaaaaaaaaqg=&amp;aaaaaaaaaaaaaqi=&amp;aaaaaaaaaaaaaqj=&amp;aaaaaaaaaaaaaqo=\">FPO<\/a>, <a href=\"http:\/\/www.campus.rwth-aachen.de\/rwth\/all\/examRule.asp?gguid=0xDA142997E70B574787564B361CA7A708&amp;tguid=0x3C156D5BB09D6E4E9B8C871ADCED4FE9\">CAMPUS<\/a>]<\/li>\n<li><a href=\"http:\/\/www.rwth-aachen.de\/go\/id\/bfpg\/\">Versorgungstechnik<\/a> [<a href=\"http:\/\/www.rwth-aachen.de\/cms\/root\/Die_RWTH\/Aktuell\/%7Exhf\/Amtliche_Bekanntmachungen\/?search=Gro%DFe+berufliche+Fachrichtung+Bautechnik+Lehramt+Bachelor&amp;page=&amp;aaaaaaaaaaaaaqf=&amp;aaaaaaaaaaaaaqg=&amp;aaaaaaaaaaaaaqi=&amp;aaaaaaaaaaaaaqj=&amp;aaaaaaaaaaaaaqo=\">FPO<\/a>, <a href=\"http:\/\/www.campus.rwth-aachen.de\/rwth\/all\/examRule.asp?gguid=0xEB82DD23C339024EB5A881A21BDCF61D&amp;tguid=0x3C156D5BB09D6E4E9B8C871ADCED4FE9\">CAMPUS<\/a>]<\/li>\n<\/ul>\n<\/li>\n<li><strong> <a href=\"http:\/\/www.rwth-aachen.de\/go\/id\/bfav\/\">Elektrotechnik<\/a> <\/strong>mit [FPO, <a href=\"http:\/\/www.campus.rwth-aachen.de\/rwth\/all\/examRule.asp?gguid=0x3A0DFD19B0E0CA40949407A14802910F&amp;tguid=0x3C156D5BB09D6E4E9B8C871ADCED4FE9\">CAMPUS<\/a>]\n<ul>\n<li><a href=\"http:\/\/www.rwth-aachen.de\/go\/id\/bfgc\/\">Energietechnik<\/a> oder [FPO, <a href=\"http:\/\/www.campus.rwth-aachen.de\/rwth\/all\/examRule.asp?gguid=0xFCAE4D5EEFEA8347A728BEC0F99CA913&amp;tguid=0x3C156D5BB09D6E4E9B8C871ADCED4FE9\">CAMPUS<\/a>]<\/li>\n<li><a href=\"http:\/\/www.rwth-aachen.de\/go\/id\/bfca\/\">Nachrichtentechnik<\/a> oder [FPO, <a href=\"http:\/\/www.campus.rwth-aachen.de\/rwth\/all\/examRule.asp?gguid=0xAC7EB70CA49ABF48B1A0FF1F6E9A16AD&amp;tguid=0x3C156D5BB09D6E4E9B8C871ADCED4FE9\">CAMPUS<\/a>]<\/li>\n<li><a href=\"http:\/\/www.rwth-aachen.de\/go\/id\/bfhh\/\">Technische Informatik<\/a> [FPO, <a href=\"http:\/\/www.campus.rwth-aachen.de\/rwth\/all\/examRule.asp?gguid=0x516C2F33AACE9B4A97002B61386DC077&amp;tguid=0x3C156D5BB09D6E4E9B8C871ADCED4FE9\">CAMPUS<\/a>]<\/li>\n<\/ul>\n<\/li>\n<li><strong> <a href=\"http:\/\/www.rwth-aachen.de\/go\/id\/bfin\/\">Maschinenbautechnik<\/a> <\/strong>mit [FPO, <a href=\"http:\/\/www.campus.rwth-aachen.de\/rwth\/all\/examRule.asp?gguid=0x5F1C15B82F536B4CBA37FE9292D138F0&amp;tguid=0x3C156D5BB09D6E4E9B8C871ADCED4FE9\">CAMPUS<\/a>]\n<ul>\n<li><a href=\"http:\/\/www.rwth-aachen.de\/go\/id\/bfkx\/\">Fahrzeugtechnik<\/a> oder [FPO, <a href=\"http:\/\/www.campus.rwth-aachen.de\/rwth\/all\/examRule.asp?gguid=0xEE512CD46AD0F447A3E1772E9AC2375F&amp;tguid=0x3C156D5BB09D6E4E9B8C871ADCED4FE9\">CAMPUS<\/a>]<\/li>\n<li><a href=\"http:\/\/www.rwth-aachen.de\/go\/id\/bfnd\/\">Fertigungstechnik<\/a> oder [FPO, <a href=\"http:\/\/www.campus.rwth-aachen.de\/rwth\/all\/examRule.asp?gguid=0x9EBACD9900B4B544A7D983BE41B25D5B&amp;tguid=0x3C156D5BB09D6E4E9B8C871ADCED4FE9\">CAMPUS<\/a>]<\/li>\n<li><a href=\"http:\/\/www.rwth-aachen.de\/go\/id\/bfpg\/\">Versorgungstechnik<\/a> [FPO, <a href=\"http:\/\/www.campus.rwth-aachen.de\/rwth\/all\/examRule.asp?gguid=0x0A5B1FE2622B9E4EA93A21FBE9DA06CC&amp;tguid=0x3C156D5BB09D6E4E9B8C871ADCED4FE9\">CAMPUS<\/a>]<\/li>\n<\/ul>\n<\/li>\n<\/ul>\n<p>Umfassende Informationen gibt es hier: <a href=\"http:\/\/www.lbz.rwth-aachen.de\/labamabkII\">www.lbz.rwth-aachen.de\/labamabkII<\/a><\/p>\n","protected":false},"excerpt":{"rendered":"<p>Studienf\u00e4cher Die RWTH bietet Dir ein breites Spektrum an F\u00e4chern und Kombinationsm\u00f6glichkeiten im Lehramt. Aufgelistet findest Du alle F\u00e4cher f\u00fcr das Studienziel Gymnasium\/Gesamtschule (Gy\/Ge) und Berufskolleg (BK): Studienziel: Lehramt an Gymnasium und Gesamtschulen? =&gt; Infopapier Biologie [FPO, CAMPUS] Chemie [FPO, CAMPUS] Deutsch [FPO, CAMPUS] Englisch A [FPO, CAMPUS] Franz\u00f6sisch (auslaufend) A [FPO, CAMPUS] Geschichte L [&hellip;]<\/p>\n","protected":false},"author":1,"featured_media":0,"parent":203,"menu_order":2,"comment_status":"closed","ping_status":"closed","template":"","meta":{"_crdt_document":"","footnotes":""},"class_list":["post-209","page","type-page","status-publish","hentry"],"jetpack_sharing_enabled":true,"_links":{"self":[{"href":"https:\/\/www.fslehramt.rwth-aachen.de\/Neu\/index.php?rest_route=\/wp\/v2\/pages\/209","targetHints":{"allow":["GET"]}}],"collection":[{"href":"https:\/\/www.fslehramt.rwth-aachen.de\/Neu\/index.php?rest_route=\/wp\/v2\/pages"}],"about":[{"href":"https:\/\/www.fslehramt.rwth-aachen.de\/Neu\/index.php?rest_route=\/wp\/v2\/types\/page"}],"author":[{"embeddable":true,"href":"https:\/\/www.fslehramt.rwth-aachen.de\/Neu\/index.php?rest_route=\/wp\/v2\/users\/1"}],"replies":[{"embeddable":true,"href":"https:\/\/www.fslehramt.rwth-aachen.de\/Neu\/index.php?rest_route=%2Fwp%2Fv2%2Fcomments&post=209"}],"version-history":[{"count":5,"href":"https:\/\/www.fslehramt.rwth-aachen.de\/Neu\/index.php?rest_route=\/wp\/v2\/pages\/209\/revisions"}],"predecessor-version":[{"id":859,"href":"https:\/\/www.fslehramt.rwth-aachen.de\/Neu\/index.php?rest_route=\/wp\/v2\/pages\/209\/revisions\/859"}],"up":[{"embeddable":true,"href":"https:\/\/www.fslehramt.rwth-aachen.de\/Neu\/index.php?rest_route=\/wp\/v2\/pages\/203"}],"wp:attachment":[{"href":"https:\/\/www.fslehramt.rwth-aachen.de\/Neu\/index.php?rest_route=%2Fwp%2Fv2%2Fmedia&parent=209"}],"curies":[{"name":"wp","href":"https:\/\/api.w.org\/{rel}","templated":true}]}}